{"id":16442,"date":"2020-05-15T23:09:07","date_gmt":"2020-05-15T23:09:07","guid":{"rendered":"http:\/\/flashcorporation.com\/margules\/sa-1-copy\/"},"modified":"2020-12-14T10:36:50","modified_gmt":"2020-12-14T10:36:50","slug":"margules-turntable-mat","status":"publish","type":"page","link":"https:\/\/margules.com\/en\/margules-turntable-mat\/","title":{"rendered":"MARGULES TURNTABLE MAT"},"content":{"rendered":"<p>[vc_row css_animation=&#8221;&#8221; row_type=&#8221;row&#8221; use_row_as_full_screen_section=&#8221;no&#8221; type=&#8221;grid&#8221; angled_section=&#8221;no&#8221; text_align=&#8221;left&#8221; background_image_as_pattern=&#8221;without_pattern&#8221; row_negative_margin=&#8221;disable_negative_margin&#8221; z_index=&#8221;&#8221;][vc_column][vc_row_inner row_type=&#8221;row&#8221; type=&#8221;full_width&#8221; text_align=&#8221;left&#8221; css_animation=&#8221;&#8221;][vc_column_inner offset=&#8221;vc_hidden-sm vc_hidden-xs&#8221;][vc_empty_space height=&#8221;55px&#8221;][\/vc_column_inner][\/vc_row_inner][\/vc_column][\/vc_row][vc_row css_animation=&#8221;&#8221; row_type=&#8221;row&#8221; use_row_as_full_screen_section=&#8221;no&#8221; type=&#8221;full_width&#8221; angled_section=&#8221;no&#8221; text_align=&#8221;left&#8221; background_image_as_pattern=&#8221;without_pattern&#8221; z_index=&#8221;&#8221; background_color=&#8221;#000000&#8243;][vc_column width=&#8221;1\/2&#8243;]<link href=\"https:\/\/fonts.googleapis.com\/css?family=Open+Sans:600%2C300\" rel=\"stylesheet\" property=\"stylesheet\" type=\"text\/css\" media=\"all\">\n<div id=\"rev_slider_88_1_wrapper\" class=\"rev_slider_wrapper fullwidthbanner-container\" data-source=\"gallery\" style=\"margin:0px auto;background:transparent;padding:0px;margin-top:0px;margin-bottom:0px;\">\n<!-- START REVOLUTION SLIDER 5.4.8.3 auto mode -->\n\t<div id=\"rev_slider_88_1\" class=\"rev_slider fullwidthabanner\" style=\"display:none;\" data-version=\"5.4.8.3\">\n<ul>\t<!-- SLIDE  -->\n\t<li data-index=\"rs-325\" data-transition=\"fade\" data-slotamount=\"default\" data-hideafterloop=\"0\" data-hideslideonmobile=\"off\"  data-easein=\"default\" data-easeout=\"default\" data-masterspeed=\"300\"  data-rotate=\"0\"  data-saveperformance=\"off\"  data-title=\"Slide\" data-param1=\"\" data-param2=\"\" data-param3=\"\" data-param4=\"\" data-param5=\"\" data-param6=\"\" data-param7=\"\" data-param8=\"\" data-param9=\"\" data-param10=\"\" data-description=\"\">\n\t\t<!-- MAIN IMAGE -->\n\t\t<img loading=\"lazy\" decoding=\"async\" src=\"https:\/\/margules.com\/wp-content\/plugins\/revslider\/admin\/assets\/images\/transparent.png\" data-bgcolor='#000000' style='background:#000000' alt=\"\" title=\"bg01\"  width=\"1798\" height=\"821\" data-bgposition=\"center center\" data-bgfit=\"cover\" data-bgrepeat=\"no-repeat\" class=\"rev-slidebg\" data-no-retina>\n\t\t<!-- LAYERS -->\n\n\t\t<!-- LAYER NR. 1 -->\n\t\t<div class=\"tp-caption  \" \n\t\t\t id=\"slide-325-layer-2\" \n\t\t\t data-x=\"98\" \n\t\t\t data-y=\"89\" \n\t\t\t\t\t\tdata-width=\"['659']\"\n\t\t\tdata-height=\"['504']\"\n\t\t\tdata-visibility=\"['on','on','on','off']\"\n \n\t\t\tdata-type=\"text\" \n\t\t\tdata-basealign=\"slide\" \n\t\t\tdata-responsive_offset=\"on\" \n\n\t\t\tdata-frames='[{\"delay\":10,\"speed\":310,\"frame\":\"0\",\"from\":\"opacity:0;\",\"to\":\"o:1;\",\"ease\":\"Power3.easeInOut\"},{\"delay\":\"wait\",\"speed\":310,\"frame\":\"999\",\"to\":\"opacity:0;\",\"ease\":\"Power3.easeInOut\"}]'\n\t\t\tdata-textAlign=\"['inherit','inherit','inherit','inherit']\"\n\t\t\tdata-paddingtop=\"[0,0,0,0]\"\n\t\t\tdata-paddingright=\"[0,0,0,0]\"\n\t\t\tdata-paddingbottom=\"[0,0,0,0]\"\n\t\t\tdata-paddingleft=\"[0,0,0,0]\"\n\n\t\t\tstyle=\"z-index: 5; min-width: 659px; max-width: 659px; max-width: 504px; max-width: 504px; white-space: normal; font-size: 34px; line-height: 24px; font-weight: 600; color: #d3d4ca; letter-spacing: 0px;font-family:Open Sans;\"><div style=\"width:70px; height:4px; background-color:#784a02\"><\/div>\n<div id=\"espaciotext\" style=\"width:100%; height:60px;\"><\/div>\n<divx id=\"textoproducto1\">MARGULES<\/br>MAT\n<\/br><\/br><\/divx>\n<divx id=\"textoproduct\" style=\"font-weight:300; line-height:20px!important; \"\">The Margules\u00ae mat is made with the highest quality cork that allows the reproduction of vinyl without generating static or friction, allowing a stable reproduction speed.<\/divx> <\/div>\n\n\t\t<!-- LAYER NR. 2 -->\n\t\t<div class=\"tp-caption   tp-resizeme\" \n\t\t\t id=\"slide-325-layer-3\" \n\t\t\t data-x=\"104\" \n\t\t\t data-y=\"265\" \n\t\t\t\t\t\tdata-width=\"['602']\"\n\t\t\tdata-height=\"['auto']\"\n \n\t\t\tdata-type=\"text\" \n\t\t\tdata-responsive_offset=\"on\" \n\n\t\t\tdata-frames='[{\"delay\":10,\"speed\":310,\"frame\":\"0\",\"from\":\"opacity:0;\",\"to\":\"o:1;\",\"ease\":\"Power3.easeInOut\"},{\"delay\":\"wait\",\"speed\":310,\"frame\":\"999\",\"to\":\"opacity:0;\",\"ease\":\"Power3.easeInOut\"}]'\n\t\t\tdata-textAlign=\"['inherit','inherit','inherit','inherit']\"\n\t\t\tdata-paddingtop=\"[0,0,0,0]\"\n\t\t\tdata-paddingright=\"[0,0,0,0]\"\n\t\t\tdata-paddingbottom=\"[0,0,0,0]\"\n\t\t\tdata-paddingleft=\"[0,0,0,0]\"\n\n\t\t\tstyle=\"z-index: 6; min-width: 602px; max-width: 602px; white-space: normal; font-size: 20px; line-height: 22px; font-weight: 300; color: #ffffff; letter-spacing: 0px;font-family:Open Sans;\"> <\/div>\n\n\t\t<!-- LAYER NR. 3 -->\n\t\t<div class=\"tp-caption  \" \n\t\t\t id=\"hiend1\" \n\t\t\t data-x=\"101\" \n\t\t\t data-y=\"bottom\" data-voffset=\"30\" \n\t\t\t\t\t\tdata-width=\"['599']\"\n\t\t\tdata-height=\"['auto']\"\n \n\t\t\tdata-type=\"text\" \n\t\t\tdata-basealign=\"slide\" \n\t\t\tdata-responsive_offset=\"on\" \n\n\t\t\tdata-frames='[{\"delay\":10,\"speed\":310,\"frame\":\"0\",\"from\":\"opacity:0;\",\"to\":\"o:1;\",\"ease\":\"Power3.easeInOut\"},{\"delay\":\"wait\",\"speed\":310,\"frame\":\"999\",\"to\":\"opacity:0;\",\"ease\":\"Power3.easeInOut\"}]'\n\t\t\tdata-textAlign=\"['inherit','inherit','inherit','inherit']\"\n\t\t\tdata-paddingtop=\"[0,0,0,0]\"\n\t\t\tdata-paddingright=\"[0,0,0,0]\"\n\t\t\tdata-paddingbottom=\"[0,0,0,0]\"\n\t\t\tdata-paddingleft=\"[0,0,0,0]\"\n\n\t\t\tstyle=\"z-index: 7; min-width: 599px; max-width: 599px; white-space: normal; font-size: 20px; line-height: 22px; font-weight: 600; color: #d3d4ca; letter-spacing: 0px;font-family:Open Sans;\"><div style=\"display:inline; white-space:nowrap; \">HI_END<div id=\"hiendtext\" style=\"\"><\/div>ACCESORIES<\/div> <\/div>\n\n\t\t<!-- LAYER NR. 4 -->\n\t\t<div class=\"tp-caption  \" \n\t\t\t id=\"slide-325-layer-11\" \n\t\t\t data-x=\"100\" \n\t\t\t data-y=\"90\" \n\t\t\t\t\t\tdata-width=\"['717']\"\n\t\t\tdata-height=\"['479']\"\n\t\t\tdata-visibility=\"['off','off','off','on']\"\n \n\t\t\tdata-type=\"text\" \n\t\t\tdata-basealign=\"slide\" \n\t\t\tdata-responsive_offset=\"on\" \n\n\t\t\tdata-frames='[{\"delay\":10,\"speed\":310,\"frame\":\"0\",\"from\":\"opacity:0;\",\"to\":\"o:1;\",\"ease\":\"Power3.easeInOut\"},{\"delay\":\"wait\",\"speed\":310,\"frame\":\"999\",\"to\":\"opacity:0;\",\"ease\":\"Power3.easeInOut\"}]'\n\t\t\tdata-textAlign=\"['inherit','inherit','inherit','inherit']\"\n\t\t\tdata-paddingtop=\"[0,0,0,0]\"\n\t\t\tdata-paddingright=\"[0,0,0,0]\"\n\t\t\tdata-paddingbottom=\"[0,0,0,0]\"\n\t\t\tdata-paddingleft=\"[0,0,0,0]\"\n\n\t\t\tstyle=\"z-index: 8; min-width: 717px; max-width: 717px; max-width: 479px; max-width: 479px; white-space: normal; font-size: 34px; line-height: 24px; font-weight: 600; color: #d3d4ca; letter-spacing: 0px;font-family:Open Sans;\"><div style=\"width:70px; height:4px; background-color:#784a02\"><\/div>\n<div id=\"espaciotext\" style=\"width:100%; height:60px;\"><\/div>\n<divx id=\"textoproducto1\">MARGULES<\/br>MAT<\/br><\/br><\/divx>\n<divx id=\"textoproduct\" style=\"font-weight:300; line-height:20px!important; \">The Margules\u00ae mat is made with the highest quality cork that allows the reproduction of vinyl without generating static or friction, allowing a stable reproduction speed. <\/br><\/br><\/br><\/br><\/divx> <\/div>\n\t<\/li>\n<\/ul>\n<div class=\"tp-bannertimer tp-bottom\" style=\"visibility: hidden !important;\"><\/div>\t<\/div>\n<script>var htmlDiv = document.getElementById(\"rs-plugin-settings-inline-css\"); var htmlDivCss=\"\";\n\t\t\t\tif(htmlDiv) {\n\t\t\t\t\thtmlDiv.innerHTML = htmlDiv.innerHTML + htmlDivCss;\n\t\t\t\t}else{\n\t\t\t\t\tvar htmlDiv = document.createElement(\"div\");\n\t\t\t\t\thtmlDiv.innerHTML = \"<style>\" + htmlDivCss + \"<\/style>\";\n\t\t\t\t\tdocument.getElementsByTagName(\"head\")[0].appendChild(htmlDiv.childNodes[0]);\n\t\t\t\t}\n\t\t\t<\/script>\n\t\t<script type=\"text\/javascript\">\nif (setREVStartSize!==undefined) setREVStartSize(\n\t{c: '#rev_slider_88_1', gridwidth: [821], gridheight: [821], sliderLayout: 'auto'});\n\t\t\t\nvar revapi88,\n\ttpj;\t\n(function() {\t\t\t\n\tif (!\/loaded|interactive|complete\/.test(document.readyState)) document.addEventListener(\"DOMContentLoaded\",onLoad); else onLoad();\t\n\tfunction onLoad() {\t\t\t\t\n\t\tif (tpj===undefined) { tpj = jQuery; if(\"off\" == \"on\") tpj.noConflict();}\n\tif(tpj(\"#rev_slider_88_1\").revolution == undefined){\n\t\trevslider_showDoubleJqueryError(\"#rev_slider_88_1\");\n\t}else{\n\t\trevapi88 = tpj(\"#rev_slider_88_1\").show().revolution({\n\t\t\tsliderType:\"standard\",\n\t\t\tjsFileLocation:\"\/\/margules.com\/wp-content\/plugins\/revslider\/public\/assets\/js\/\",\n\t\t\tsliderLayout:\"auto\",\n\t\t\tdottedOverlay:\"none\",\n\t\t\tdelay:9000,\n\t\t\tnavigation: {\n\t\t\t\tonHoverStop:\"off\",\n\t\t\t},\n\t\t\tvisibilityLevels:[1240,1024,778,480],\n\t\t\tgridwidth:821,\n\t\t\tgridheight:821,\n\t\t\tlazyType:\"none\",\n\t\t\tshadow:0,\n\t\t\tspinner:\"off\",\n\t\t\tstopLoop:\"off\",\n\t\t\tstopAfterLoops:-1,\n\t\t\tstopAtSlide:-1,\n\t\t\tshuffle:\"off\",\n\t\t\tautoHeight:\"off\",\n\t\t\tdisableProgressBar:\"on\",\n\t\t\thideThumbsOnMobile:\"off\",\n\t\t\thideSliderAtLimit:0,\n\t\t\thideCaptionAtLimit:0,\n\t\t\thideAllCaptionAtLilmit:0,\n\t\t\tdebugMode:false,\n\t\t\tfallbacks: {\n\t\t\t\tsimplifyAll:\"off\",\n\t\t\t\tnextSlideOnWindowFocus:\"off\",\n\t\t\t\tdisableFocusListener:false,\n\t\t\t}\n\t\t});\n\t}; \/* END OF revapi call *\/\n\t\n }; \/* END OF ON LOAD FUNCTION *\/\n}()); \/* END OF WRAPPING FUNCTION *\/\n<\/script>\n\t\t<script>\n\t\t\t\t\tvar htmlDivCss = unescape(\"%40font-face%20%7B%0Afont-family%3A%20%27relative-medium%27%3B%0Asrc%3A%20url%28%27http%3A%2F%2Fmargules.com%2Fwp-content%2Fthemes%2Fbridge%2Ffonts%2Frelative-medium-webfont.eot%27%29%3B%0Asrc%3A%20url%28%27http%3A%2F%2Fmargules.com%2Fwp-content%2Fthemes%2Fbridge%2Ffonts%2Frelative-medium-webfont.eot%3F%23iefix%27%29%20format%28%27embedded-opentype%27%29%2C%0Aurl%28%27http%3A%2F%2Fmargules.com%2Fwp-content%2Fthemes%2Fbridge%2Ffonts%2Frelative-medium-webfont.woff%27%29%20format%28%27woff%27%29%2C%0Aurl%28%27http%3A%2F%2Fmargules.com%2Fwp-content%2Fthemes%2Fbridge%2Ffonts%2Frelative-medium-webfont.ttf%27%29%20format%28%27truetype%27%29%2C%0Aurl%28%27http%3A%2F%2Fmargules.com%2Fwp-content%2Fthemes%2Fbridge%2Ffonts%2Frelative-medium-webfont.svg%23svgrelative-medium-webfont%27%29%20format%28%27svg%27%29%3B%0A%7D%0A%40font-face%20%7B%0Afont-family%3A%20%27relative-book%27%3B%0Asrc%3A%20url%28%27http%3A%2F%2Fmargules.com%2Fwp-content%2Fthemes%2Fbridge%2Ffonts%2Frelative-bold-webfont.eot%27%29%3B%0Asrc%3A%20url%28%27http%3A%2F%2Fmargules.com%2Fwp-content%2Fthemes%2Fbridge%2Ffonts%2Frelative-bold-webfont.eot%3F%23iefix%27%29%20format%28%27embedded-opentype%27%29%2C%0Aurl%28%27http%3A%2F%2Fmargules.com%2Fwp-content%2Fthemes%2Fbridge%2Ffonts%2Frelative-bold-webfont.woff%27%29%20format%28%27woff%27%29%2C%0Aurl%28%27http%3A%2F%2Fmargules.com%2Fwp-content%2Fthemes%2Fbridge%2Ffonts%2Frelative-bold-webfont.ttf%27%29%20format%28%27truetype%27%29%2C%0Aurl%28%27http%3A%2F%2Fmargules.com%2Fwp-content%2Fthemes%2Fbridge%2Ffonts%2Frelative-bold-webfont.svg%23svgrelative-bold-webfont%27%29%20format%28%27svg%27%29%3B%0A%7D%0A%40font-face%20%7B%0Afont-family%3A%20%27relative-bold%27%3B%0Asrc%3A%20url%28%27http%3A%2F%2Fmargules.com%2Fwp-content%2Fthemes%2Fbridge%2Ffonts%2Frelative-book-webfont.eot%27%29%3B%0Asrc%3A%20url%28%27http%3A%2F%2Fmargules.com%2Fwp-content%2Fthemes%2Fbridge%2Ffonts%2Frelative-book-webfont.eot%3F%23iefix%27%29%20format%28%27embedded-opentype%27%29%2C%0Aurl%28%27http%3A%2F%2Fmargules.com%2Fwp-content%2Fthemes%2Fbridge%2Ffonts%2Frelative-book-webfont.woff%27%29%20format%28%27woff%27%29%2C%0Aurl%28%27http%3A%2F%2Fmargules.com%2Fwp-content%2Fthemes%2Fbridge%2Ffonts%2Frelative-book-webfont.ttf%27%29%20format%28%27truetype%27%29%2C%0Aurl%28%27http%3A%2F%2Fmargules.com%2Fwp-content%2Fthemes%2Fbridge%2Ffonts%2Frelative-book-webfont.svg%23svgrelative-book-webfont%27%29%20format%28%27svg%27%29%3B%0A%7D%0A%40font-face%20%7B%0Afont-family%3A%20%27relative-bold-italic%27%3B%0Asrc%3A%20url%28%27http%3A%2F%2Fmargules.com%2Fwp-content%2Fthemes%2Fbridge%2Ffonts%2Frelative-bold-italic-webfont.eot%27%29%3B%0Asrc%3A%20url%28%27http%3A%2F%2Fmargules.com%2Fwp-content%2Fthemes%2Fbridge%2Ffonts%2Frelative-bold-italic-webfont.eot%3F%23iefix%27%29%20format%28%27embedded-opentype%27%29%2C%0Aurl%28%27http%3A%2F%2Fmargules.com%2Fwp-content%2Fthemes%2Fbridge%2Ffonts%2Frelative-bold-italic-webfont.woff%27%29%20format%28%27woff%27%29%2C%0Aurl%28%27http%3A%2F%2Fmargules.com%2Fwp-content%2Fthemes%2Fbridge%2Ffonts%2Frelative-bold-italic-webfont.ttf%27%29%20format%28%27truetype%27%29%2C%0Aurl%28%27http%3A%2F%2Fmargules.com%2Fwp-content%2Fthemes%2Fbridge%2Ffonts%2Frelative-bold-italic-webfont.svg%23svgrelative-bold-italic-webfont%27%29%20format%28%27svg%27%29%3B%0A%7D%0A%0A%23textoproducto1%7B%0A%20%20font-family%3A%20%27relative-bold%27%21important%3B%0A%20%20%7D%0A%23textoproduct%7B%0A%20font-family%3A%20%27relative-medium%27%21important%3B%0A%20%20%7D%0A%23hiend1%7B%0A%20font-family%3A%20%27relative-bold%27%21important%3B%0A%20%20%7D\");\n\t\t\t\t\tvar htmlDiv = document.getElementById('rs-plugin-settings-inline-css');\n\t\t\t\t\tif(htmlDiv) {\n\t\t\t\t\t\thtmlDiv.innerHTML = htmlDiv.innerHTML + htmlDivCss;\n\t\t\t\t\t}\n\t\t\t\t\telse{\n\t\t\t\t\t\tvar htmlDiv = document.createElement('div');\n\t\t\t\t\t\thtmlDiv.innerHTML = '<style>' + htmlDivCss + '<\/style>';\n\t\t\t\t\t\tdocument.getElementsByTagName('head')[0].appendChild(htmlDiv.childNodes[0]);\n\t\t\t\t\t}\n\t\t\t\t  <\/script><\/div><!-- END REVOLUTION SLIDER -->[\/vc_column][vc_column width=&#8221;1\/2&#8243;][rev_slider_vc alias=&#8221;mattornagal&#8221;][\/vc_column][\/vc_row][vc_row css_animation=&#8221;&#8221; row_type=&#8221;row&#8221; use_row_as_full_screen_section=&#8221;no&#8221; type=&#8221;grid&#8221; angled_section=&#8221;no&#8221; text_align=&#8221;left&#8221; background_image_as_pattern=&#8221;without_pattern&#8221; row_negative_margin=&#8221;disable_negative_margin&#8221; z_index=&#8221;&#8221; css=&#8221;.vc_custom_1596186609814{margin-top: 30px !important;background-color: #d6d3ca !important;}&#8221;][vc_column][vc_row_inner row_type=&#8221;row&#8221; type=&#8221;grid&#8221; text_align=&#8221;left&#8221; css_animation=&#8221;&#8221;][vc_column_inner]<div class=\"qode-accordion-holder clearfix qode-toggle qode-initial \">\n\t<h4 class=\"clearfix qode-title-holder\">\n<span class=\"qode-tab-title\">\n\t    <span class=\"qode-tab-title-inner\">\n        WARRANTY    <\/span>\n<\/span>\n<span class=\"qode-accordion-mark\">\n    <span class=\"qode-accordion-mark-icon\">\n        <span class=\"icon_plus\"><\/span>\n        <span class=\"icon_minus-06\"><\/span>\n    <\/span>\n<\/span>\n<\/h4>\n<div  class=\"qode-accordion-content \" style=\"background-image: url(https:\/\/margules.com\/wp-content\/uploads\/2020\/05\/bg.png)\">\n    <div class=\"qode-accordion-content-inner\">\n        [vc_column_text]Los productos de MARGULES se han dise\u00f1ado y fabricado para durar. MARGULES GROUP M\u00c9XICO S.A. DE C.V. garantizan servicios gratuitos (podr\u00edan aplicarse excepciones) y piezas de repuesto en cualquier pa\u00eds en el que opere un distribuidor oficial de MARGULES.<\/p>\n<p><strong>Nota:<\/strong><\/p>\n<ul>\n<li>Para mayor informaci\u00f3n, contacte al distribuidor nacional pertinente.<\/li>\n<li>Esta garant\u00eda complementa cualquier obligaci\u00f3n jur\u00eddica nacional o de los distribuidores y no afecta sus derechos estatutarios como cliente.<\/li>\n<\/ul>\n<p><strong>Esta garant\u00eda:<\/strong><\/p>\n<ul>\n<li>Solo es v\u00e1lida para aquellos productos adquiridos a trav\u00e9s de un minorista o distribuidor autorizado de MARGULES.<\/li>\n<li>Es v\u00e1lida \u00fanicamente para productos originales. MARGULES no devolver\u00e1 ning\u00fan producto que reciba para su reparaci\u00f3n si se determina que se trata de una falsificaci\u00f3n. La venta y distribuci\u00f3n de productos falsificados es ilegal.<\/li>\n<li>Entra en vigencia a partir de la fecha de compra y es v\u00e1lida por un per\u00edodo de cinco a\u00f1os para los altavoces pasivos y electr\u00f3nicos, de un a\u00f1o para los altavoces amplificados, componentes electr\u00f3nicos de recepci\u00f3n inal\u00e1mbrica y conversi\u00f3n digital y de 90 d\u00edas para las piezas de repuesto (bulbos), a excepci\u00f3n de las exclusiones aplicables en ciertos pa\u00edses de conformidad con sus leyes nacionales. Solicite informaci\u00f3n detallada al distribuidor de MARGULES de su pa\u00eds.<\/li>\n<li>Se limita a la reparaci\u00f3n del equipo (que podr\u00eda arreglarse o sustituirse a nuestra discreci\u00f3n, sin que esto afecte a la garant\u00eda original). La garant\u00eda no cubre transporte ni otros costes, as\u00ed como tampoco riesgos por traslado, transporte e instalaci\u00f3n de los productos.<\/li>\n<li>Solo es v\u00e1lida para el propietario original. No es transferible.<\/li>\n<li>Solo tendr\u00e1 validez si se trata de materiales defectuosos o de fabricaci\u00f3n existentes en el momento de la compra, y no ser\u00e1 v\u00e1lida en los casos siguientes:\n<ul>\n<li>Debido al deterioro de las piezas de sus componentes, que se gastan o agotan con el uso, como es el caso de los bulbos, las fundas y los controles remotos.<\/li>\n<li>Debido a problemas de interoperabilidad con productos de terceras partes, a no ser que se exprese este prop\u00f3sito expl\u00edcitamente.<\/li>\n<li>Debido a da\u00f1os resultantes de una instalaci\u00f3n, conexi\u00f3n o empaquetado incorrectos.<\/li>\n<li>Debido a da\u00f1os ocasionados por cualquier uso incorrecto descrito en las instrucciones, negligencia, modificaciones o uso de partes que no han sido fabricadas o autorizadas por MARGULES GROUP M\u00c9XICO S.A. DE C.V.<\/li>\n<li>Debido a da\u00f1os ocasionados por equipos auxiliares defectuosos o inapropiados.<\/li>\n<li>Debido a da\u00f1os ocasionados por accidentes, la electricidad, el agua, el calor del fuego, la guerra, disturbios p\u00fablicos u otras causas que se escapan del control de MARGULES GROUP M\u00c9XICO S.A. DE C.V. y de sus distribuidores oficiales.<\/li>\n<li>Por productos cuyo n\u00famero de serie se haya modificado, borrado, eliminado o sea ilegible.<\/li>\n<li>Si se han llevado a cabo reparaciones o modificaciones por parte de personas no autorizadas.<\/li>\n<\/ul>\n<\/li>\n<\/ul>\n<h4><strong>C\u00f3mo solicitar reparaciones en garant\u00eda<\/strong><\/h4>\n<p>Si tiene alguna duda sobre el rendimiento de su producto, lleve a cabo el siguiente procedimiento:<\/p>\n<ul>\n<li>Llame al distribuidor de MARGULES de su pa\u00eds de residencia. En caso de M\u00e9xico llame a MARGULES.<\/li>\n<li>Encontrar\u00e1 los datos de contacto si hace clic en \u00abContacto de margules.com\u00bb al final de la p\u00e1gina y selecciona el pa\u00eds pertinente.<\/li>\n<li>Nuestro representante le aclarar\u00e1 todas sus dudas. En caso que resultara necesario devolver el producto para su reparaci\u00f3n, puede que le den una autorizaci\u00f3n de devoluci\u00f3n de la mercanc\u00eda. No debe devolver el producto sin esta autorizaci\u00f3n, en caso de que se la den.<\/li>\n<li>Para validar su garant\u00eda, deber\u00e1 mostrar la factura de venta original o cualquier otro comprobante que demuestre su propiedad y la autenticidad de su fecha de compra.<\/li>\n<\/ul>\n<p>&nbsp;<\/p>\n<h4><strong>Garant\u00eda de calidad Semi Nuevos<\/strong><\/h4>\n<p>Los productos recertificados por Margules son productos de segunda mano que se han sometido a pruebas rigurosas para garantizar que cumplen las estrictas normas de calidad de Margules, tanto en el rendimiento sonoro como en su integridad mec\u00e1nica. Devolvemos cada producto recertificado con una garant\u00eda de dos a\u00f1os.<\/p>\n<p>&nbsp;<\/p>\n<p>Los productos recertificados se vuelven a embalar en un embalaje especial, completo con toda la documentaci\u00f3n y, cuando procede, con los cables que se enviaron originalmente con el producto.<\/p>\n<p>&nbsp;<\/p>\n<p>En ocasiones, los productos reconvertidos podr\u00edan presentar defectos est\u00e9ticos leves y se env\u00edan en embalajes diferentes de los que se pueden encontrar en los establecimientos.<\/p>\n<p>&nbsp;<\/p>\n<p><strong>Cada producto re-certificado de Margules<\/strong>:<\/p>\n<ul>\n<li>Ha sido sometido a pruebas rigurosas para asegurarse de que cumple las estrictas normas de calidad de Margules tanto en el rendimiento s\u00f3nico como en su integridad mec\u00e1nica.<\/li>\n<li>Cualquier m\u00f3dulo que se identifique como defectuoso en la prueba se renueva con piezas de recambio.<\/li>\n<li>Se somete a un completo proceso de limpieza e inspecci\u00f3n.<\/li>\n<li>Se suministra con una documentaci\u00f3n completa.<\/li>\n<li>Se entrega con garant\u00eda por dos a\u00f1os*.<\/li>\n<li>Cuando procede se suministra con cables.<\/li>\n<li>Cuando procede incluye un control remoto.<\/li>\n<li>Cuando procede se suministra con nuevas fundas de empaque.<\/li>\n<li>Cuando procede el firmware se actualiza a la versi\u00f3n m\u00e1s reciente.<\/li>\n<li>Viene en el embalaje de producto recertificado.<\/li>\n<li>Podr\u00eda presentar defectos est\u00e9ticos.<\/li>\n<\/ul>\n<p>&nbsp;<\/p>\n<p>*A menos que se indique lo contrario.[\/vc_column_text]    <\/div>\n<\/div><\/div>[\/vc_column_inner][\/vc_row_inner][\/vc_column][\/vc_row][vc_row css_animation=&#8221;&#8221; row_type=&#8221;row&#8221; use_row_as_full_screen_section=&#8221;no&#8221; type=&#8221;grid&#8221; angled_section=&#8221;no&#8221; text_align=&#8221;left&#8221; background_image_as_pattern=&#8221;without_pattern&#8221; row_negative_margin=&#8221;disable_negative_margin&#8221; z_index=&#8221;&#8221; css=&#8221;.vc_custom_1588845868460{margin-top: 0px !important;}&#8221;][vc_column][\/vc_column][\/vc_row]<\/p>\n","protected":false},"excerpt":{"rendered":"<p>[vc_row css_animation=&#8221;&#8221; row_type=&#8221;row&#8221; use_row_as_full_screen_section=&#8221;no&#8221; type=&#8221;grid&#8221; angled_section=&#8221;no&#8221; text_align=&#8221;left&#8221; background_image_as_pattern=&#8221;without_pattern&#8221; row_negative_margin=&#8221;disable_negative_margin&#8221; z_index=&#8221;&#8221;][vc_column][vc_row_inner row_type=&#8221;row&#8221; type=&#8221;full_width&#8221; text_align=&#8221;left&#8221; css_animation=&#8221;&#8221;][vc_column_inner offset=&#8221;vc_hidden-sm vc_hidden-xs&#8221;][vc_empty_space height=&#8221;55px&#8221;][\/vc_column_inner][\/vc_row_inner][\/vc_column][\/vc_row][vc_row css_animation=&#8221;&#8221; row_type=&#8221;row&#8221; use_row_as_full_screen_section=&#8221;no&#8221; type=&#8221;full_width&#8221; angled_section=&#8221;no&#8221; text_align=&#8221;left&#8221; background_image_as_pattern=&#8221;without_pattern&#8221; z_index=&#8221;&#8221; background_color=&#8221;#000000&#8243;][vc_column width=&#8221;1\/2&#8243;][\/vc_column][vc_column width=&#8221;1\/2&#8243;][rev_slider_vc alias=&#8221;mattornagal&#8221;][\/vc_column][\/vc_row][vc_row css_animation=&#8221;&#8221; row_type=&#8221;row&#8221; use_row_as_full_screen_section=&#8221;no&#8221; type=&#8221;grid&#8221; angled_section=&#8221;no&#8221; text_align=&#8221;left&#8221; background_image_as_pattern=&#8221;without_pattern&#8221; row_negative_margin=&#8221;disable_negative_margin&#8221; z_index=&#8221;&#8221; css=&#8221;.vc_custom_1596186609814{margin-top: 30px !important;background-color: #d6d3ca !important;}&#8221;][vc_column][vc_row_inner row_type=&#8221;row&#8221; type=&#8221;grid&#8221; text_align=&#8221;left&#8221; css_animation=&#8221;&#8221;][vc_column_inner][\/vc_column_inner][\/vc_row_inner][\/vc_column][\/vc_row][vc_row css_animation=&#8221;&#8221; row_type=&#8221;row&#8221; use_row_as_full_screen_section=&#8221;no&#8221; type=&#8221;grid&#8221; angled_section=&#8221;no&#8221; text_align=&#8221;left&#8221; background_image_as_pattern=&#8221;without_pattern&#8221; row_negative_margin=&#8221;disable_negative_margin&#8221; z_index=&#8221;&#8221; css=&#8221;.vc_custom_1588845868460{margin-top: 0px !important;}&#8221;][vc_column][\/vc_column][\/vc_row]<\/p>\n","protected":false},"author":1,"featured_media":0,"parent":0,"menu_order":0,"comment_status":"closed","ping_status":"closed","template":"full_width.php","meta":{"inline_featured_image":false,"_joinchat":[],"footnotes":""},"class_list":["post-16442","page","type-page","status-publish","hentry"],"_links":{"self":[{"href":"https:\/\/margules.com\/en\/wp-json\/wp\/v2\/pages\/16442","targetHints":{"allow":["GET"]}}],"collection":[{"href":"https:\/\/margules.com\/en\/wp-json\/wp\/v2\/pages"}],"about":[{"href":"https:\/\/margules.com\/en\/wp-json\/wp\/v2\/types\/page"}],"author":[{"embeddable":true,"href":"https:\/\/margules.com\/en\/wp-json\/wp\/v2\/users\/1"}],"replies":[{"embeddable":true,"href":"https:\/\/margules.com\/en\/wp-json\/wp\/v2\/comments?post=16442"}],"version-history":[{"count":12,"href":"https:\/\/margules.com\/en\/wp-json\/wp\/v2\/pages\/16442\/revisions"}],"predecessor-version":[{"id":17161,"href":"https:\/\/margules.com\/en\/wp-json\/wp\/v2\/pages\/16442\/revisions\/17161"}],"wp:attachment":[{"href":"https:\/\/margules.com\/en\/wp-json\/wp\/v2\/media?parent=16442"}],"curies":[{"name":"wp","href":"https:\/\/api.w.org\/{rel}","templated":true}]}}